{"id":295,"date":"2026-02-18T14:23:01","date_gmt":"2026-02-18T13:23:01","guid":{"rendered":"http:\/\/sufitynapinane.pro\/?page_id=295"},"modified":"2026-04-04T15:53:22","modified_gmt":"2026-04-04T13:53:22","slug":"satynowe","status":"publish","type":"page","link":"http:\/\/sufitynapinane.pro\/?page_id=295","title":{"rendered":"Satynowe"},"content":{"rendered":"\n<div class=\"wp-block-media-text is-stacked-on-mobile\"><figure class=\"wp-block-media-text__media\"><img loading=\"lazy\" decoding=\"async\" width=\"1024\" height=\"576\" src=\"https:\/\/sufitynapinane.pro\/wp-content\/uploads\/2026\/04\/4-1024x576.png\" alt=\"\" class=\"wp-image-1115 size-full\" srcset=\"http:\/\/sufitynapinane.pro\/wp-content\/uploads\/2026\/04\/4-1024x576.png 1024w, http:\/\/sufitynapinane.pro\/wp-content\/uploads\/2026\/04\/4-300x169.png 300w, http:\/\/sufitynapinane.pro\/wp-content\/uploads\/2026\/04\/4-768x432.png 768w, http:\/\/sufitynapinane.pro\/wp-content\/uploads\/2026\/04\/4-1536x864.png 1536w, http:\/\/sufitynapinane.pro\/wp-content\/uploads\/2026\/04\/4-2048x1152.png 2048w\" sizes=\"auto, (max-width: 1024px) 100vw, 1024px\" \/><\/figure><div class=\"wp-block-media-text__content\">\n<p><strong>Sufit napinany satynowy<\/strong> to nowoczesne i eleganckie rozwi\u0105zanie do mieszka\u0144 oraz biur. Delikatny po\u0142ysk subtelnie odbija \u015bwiat\u0142o, nadaj\u0105c wn\u0119trzu przytulny i luksusowy charakter. Sufity napinane satynowe s\u0105 trwa\u0142e, odporne na wilgo\u0107 i \u0142atwe w czyszczeniu, dlatego sprawdz\u0105 si\u0119 w salonie, sypialni, kuchni i \u0142azience. Profesjonalny monta\u017c gwarantuje idealnie g\u0142adk\u0105 powierzchni\u0119 i d\u0142ug\u0105 \u017cywotno\u015b\u0107.<\/p>\n<\/div><\/div>\n","protected":false},"excerpt":{"rendered":"<p>Sufit napinany satynowy to nowoczesne i eleganckie rozwi\u0105zanie do mieszka\u0144 oraz biur. Delikatny po\u0142ysk subtelnie odbija \u015bwiat\u0142o, nadaj\u0105c wn\u0119trzu przytulny i luksusowy charakter. Sufity napinane satynowe s\u0105 trwa\u0142e, odporne na wilgo\u0107 i \u0142atwe w czyszczeniu, dlatego sprawdz\u0105 si\u0119 w salonie, sypialni, kuchni i \u0142azience. Profesjonalny monta\u017c gwarantuje idealnie g\u0142adk\u0105 powierzchni\u0119 i d\u0142ug\u0105 \u017cywotno\u015b\u0107.<\/p>\n","protected":false},"author":1,"featured_media":1027,"parent":0,"menu_order":0,"comment_status":"closed","ping_status":"closed","template":"","meta":{"footnotes":""},"class_list":["post-295","page","type-page","status-publish","has-post-thumbnail","hentry"],"_links":{"self":[{"href":"http:\/\/sufitynapinane.pro\/index.php?rest_route=\/wp\/v2\/pages\/295","targetHints":{"allow":["GET"]}}],"collection":[{"href":"http:\/\/sufitynapinane.pro\/index.php?rest_route=\/wp\/v2\/pages"}],"about":[{"href":"http:\/\/sufitynapinane.pro\/index.php?rest_route=\/wp\/v2\/types\/page"}],"author":[{"embeddable":true,"href":"http:\/\/sufitynapinane.pro\/index.php?rest_route=\/wp\/v2\/users\/1"}],"replies":[{"embeddable":true,"href":"http:\/\/sufitynapinane.pro\/index.php?rest_route=%2Fwp%2Fv2%2Fcomments&post=295"}],"version-history":[{"count":7,"href":"http:\/\/sufitynapinane.pro\/index.php?rest_route=\/wp\/v2\/pages\/295\/revisions"}],"predecessor-version":[{"id":1116,"href":"http:\/\/sufitynapinane.pro\/index.php?rest_route=\/wp\/v2\/pages\/295\/revisions\/1116"}],"wp:featuredmedia":[{"embeddable":true,"href":"http:\/\/sufitynapinane.pro\/index.php?rest_route=\/wp\/v2\/media\/1027"}],"wp:attachment":[{"href":"http:\/\/sufitynapinane.pro\/index.php?rest_route=%2Fwp%2Fv2%2Fmedia&parent=295"}],"curies":[{"name":"wp","href":"https:\/\/api.w.org\/{rel}","templated":true}]}}