{"id":297,"date":"2026-02-18T14:42:43","date_gmt":"2026-02-18T13:42:43","guid":{"rendered":"http:\/\/sufitynapinane.pro\/?page_id=297"},"modified":"2026-04-04T15:42:55","modified_gmt":"2026-04-04T13:42:55","slug":"blyszczace","status":"publish","type":"page","link":"http:\/\/sufitynapinane.pro\/?page_id=297","title":{"rendered":"B\u0142yszcz\u0105ce"},"content":{"rendered":"\n<div class=\"wp-block-media-text is-stacked-on-mobile\"><figure class=\"wp-block-media-text__media\"><img loading=\"lazy\" decoding=\"async\" width=\"1024\" height=\"768\" src=\"https:\/\/sufitynapinane.pro\/wp-content\/uploads\/2026\/04\/photo_5783144069767826740_y-1024x768.jpg\" alt=\"\" class=\"wp-image-1111 size-full\" srcset=\"http:\/\/sufitynapinane.pro\/wp-content\/uploads\/2026\/04\/photo_5783144069767826740_y-1024x768.jpg 1024w, http:\/\/sufitynapinane.pro\/wp-content\/uploads\/2026\/04\/photo_5783144069767826740_y-300x225.jpg 300w, http:\/\/sufitynapinane.pro\/wp-content\/uploads\/2026\/04\/photo_5783144069767826740_y-768x576.jpg 768w, http:\/\/sufitynapinane.pro\/wp-content\/uploads\/2026\/04\/photo_5783144069767826740_y.jpg 1280w\" sizes=\"auto, (max-width: 1024px) 100vw, 1024px\" \/><\/figure><div class=\"wp-block-media-text__content\">\n<p><strong>Sufit napinany w po\u0142ysku<\/strong> to efektowne i nowoczesne rozwi\u0105zanie, kt\u00f3re optycznie powi\u0119ksza przestrze\u0144 i odbija \u015bwiat\u0142o jak lustro. B\u0142yszcz\u0105ca powierzchnia nadaje wn\u0119trzu elegancji oraz podkre\u015bla styl nowoczesny i glamour. Sufity napinane z po\u0142yskiem s\u0105 odporne na wilgo\u0107, \u0142atwe w utrzymaniu czysto\u015bci i trwa\u0142e. Idealnie sprawdz\u0105 si\u0119 w salonie, kuchni, \u0142azience oraz biurze. Profesjonalny monta\u017c zapewnia perfekcyjnie g\u0142adki efekt.<\/p>\n<\/div><\/div>\n","protected":false},"excerpt":{"rendered":"<p>Sufit napinany w po\u0142ysku to efektowne i nowoczesne rozwi\u0105zanie, kt\u00f3re optycznie powi\u0119ksza przestrze\u0144 i odbija \u015bwiat\u0142o jak lustro. B\u0142yszcz\u0105ca powierzchnia nadaje wn\u0119trzu elegancji oraz podkre\u015bla styl nowoczesny i glamour. Sufity napinane z po\u0142yskiem s\u0105 odporne na wilgo\u0107, \u0142atwe w utrzymaniu czysto\u015bci i trwa\u0142e. Idealnie sprawdz\u0105 si\u0119 w salonie, kuchni, \u0142azience oraz biurze. Profesjonalny monta\u017c zapewnia [&hellip;]<\/p>\n","protected":false},"author":1,"featured_media":1027,"parent":0,"menu_order":0,"comment_status":"closed","ping_status":"closed","template":"","meta":{"footnotes":""},"class_list":["post-297","page","type-page","status-publish","has-post-thumbnail","hentry"],"_links":{"self":[{"href":"http:\/\/sufitynapinane.pro\/index.php?rest_route=\/wp\/v2\/pages\/297","targetHints":{"allow":["GET"]}}],"collection":[{"href":"http:\/\/sufitynapinane.pro\/index.php?rest_route=\/wp\/v2\/pages"}],"about":[{"href":"http:\/\/sufitynapinane.pro\/index.php?rest_route=\/wp\/v2\/types\/page"}],"author":[{"embeddable":true,"href":"http:\/\/sufitynapinane.pro\/index.php?rest_route=\/wp\/v2\/users\/1"}],"replies":[{"embeddable":true,"href":"http:\/\/sufitynapinane.pro\/index.php?rest_route=%2Fwp%2Fv2%2Fcomments&post=297"}],"version-history":[{"count":5,"href":"http:\/\/sufitynapinane.pro\/index.php?rest_route=\/wp\/v2\/pages\/297\/revisions"}],"predecessor-version":[{"id":1112,"href":"http:\/\/sufitynapinane.pro\/index.php?rest_route=\/wp\/v2\/pages\/297\/revisions\/1112"}],"wp:featuredmedia":[{"embeddable":true,"href":"http:\/\/sufitynapinane.pro\/index.php?rest_route=\/wp\/v2\/media\/1027"}],"wp:attachment":[{"href":"http:\/\/sufitynapinane.pro\/index.php?rest_route=%2Fwp%2Fv2%2Fmedia&parent=297"}],"curies":[{"name":"wp","href":"https:\/\/api.w.org\/{rel}","templated":true}]}}