{"id":837,"date":"2026-02-19T15:40:23","date_gmt":"2026-02-19T14:40:23","guid":{"rendered":"http:\/\/sufitynapinane.pro\/?page_id=837"},"modified":"2026-02-22T15:28:24","modified_gmt":"2026-02-22T14:28:24","slug":"kontakt","status":"publish","type":"page","link":"http:\/\/sufitynapinane.pro\/?page_id=837","title":{"rendered":"Kontakt"},"content":{"rendered":"<form method=\"post\" class=\"contact-form\">\n    <input type=\"text\" name=\"name\" placeholder=\"Imi\u0119\" required><br \/>\n    <input type=\"tel\" name=\"phone\" placeholder=\"Telefon\"><br \/>\n    <input type=\"email\" name=\"email\" placeholder=\"Email\" required><br \/>\n    <input type=\"text\" name=\"subject\" placeholder=\"Temat\"><br \/>\n    <textarea name=\"message\" placeholder=\"Tre\u015b\u0107 wiadomo\u015bci\" required><\/textarea><\/p>\n<p>    <button type=\"submit\" name=\"send_contact\">WY\u015aLIJ WIADOMO\u015a\u0106<\/button><br \/>\n<\/form>\n","protected":false},"excerpt":{"rendered":"<p>WY\u015aLIJ WIADOMO\u015a\u0106<\/p>\n","protected":false},"author":1,"featured_media":1027,"parent":0,"menu_order":0,"comment_status":"closed","ping_status":"closed","template":"","meta":{"footnotes":""},"class_list":["post-837","page","type-page","status-publish","has-post-thumbnail","hentry"],"_links":{"self":[{"href":"http:\/\/sufitynapinane.pro\/index.php?rest_route=\/wp\/v2\/pages\/837","targetHints":{"allow":["GET"]}}],"collection":[{"href":"http:\/\/sufitynapinane.pro\/index.php?rest_route=\/wp\/v2\/pages"}],"about":[{"href":"http:\/\/sufitynapinane.pro\/index.php?rest_route=\/wp\/v2\/types\/page"}],"author":[{"embeddable":true,"href":"http:\/\/sufitynapinane.pro\/index.php?rest_route=\/wp\/v2\/users\/1"}],"replies":[{"embeddable":true,"href":"http:\/\/sufitynapinane.pro\/index.php?rest_route=%2Fwp%2Fv2%2Fcomments&post=837"}],"version-history":[{"count":3,"href":"http:\/\/sufitynapinane.pro\/index.php?rest_route=\/wp\/v2\/pages\/837\/revisions"}],"predecessor-version":[{"id":1028,"href":"http:\/\/sufitynapinane.pro\/index.php?rest_route=\/wp\/v2\/pages\/837\/revisions\/1028"}],"wp:featuredmedia":[{"embeddable":true,"href":"http:\/\/sufitynapinane.pro\/index.php?rest_route=\/wp\/v2\/media\/1027"}],"wp:attachment":[{"href":"http:\/\/sufitynapinane.pro\/index.php?rest_route=%2Fwp%2Fv2%2Fmedia&parent=837"}],"curies":[{"name":"wp","href":"https:\/\/api.w.org\/{rel}","templated":true}]}}