{"id":851,"date":"2026-02-19T16:22:38","date_gmt":"2026-02-19T15:22:38","guid":{"rendered":"http:\/\/sufitynapinane.pro\/?page_id=851"},"modified":"2026-02-22T15:30:41","modified_gmt":"2026-02-22T14:30:41","slug":"o-nas","status":"publish","type":"page","link":"http:\/\/sufitynapinane.pro\/?page_id=851","title":{"rendered":"O NAS"},"content":{"rendered":"\n<p><canvas width=\"23\" height=\"23\"><\/canvas><\/p>\n\n\n\n<pre class=\"wp-block-verse has-text-align-left has-background-color has-extra-primary-background-color has-text-color has-background has-link-color has-small-font-size wp-elements-9ba5d60140a328e5fd3cf41ba04c914a\"><br>                                                                                           <strong>DLAZCEGO WARTO NAM ZAUFA\u0106<\/strong>?<br><br><strong>- Indywidualne podej\u015bcie<\/strong>: <br>Ka\u017cde zlecenie traktujemy indywidualnie. Doradzamy, s\u0142uchamy potrzeb i pomagamy dobra\u0107 rozwi\u0105zania, kt\u00f3re najlepiej pasuj\u0105 do Twojego wn\u0119trza i stylu \u017cycia.<br>- <strong>Szeroki wyb\u00f3r materia\u0142\u00f3w i wzor\u00f3w<\/strong>:<br> Oferujemy bogat\u0105 gam\u0119 folii napinanych w r\u00f3\u017cnych kolorach, fakturach oraz wyko\u0144czeniach \u2013 od klasycznych po nowoczesne i designerskie.<br><strong>- Najwy\u017csza jako\u015b\u0107 wykonania<\/strong>:<br>Pracujemy wy\u0142\u0105cznie na sprawdzonych, trwa\u0142ych materia\u0142ach, dzi\u0119ki czemu nasze sufity s\u0105 estetyczne, solidne i s\u0142u\u017c\u0105 przez wiele lat. <br><strong>-<\/strong> <strong>Do\u015bwiadczenie i profesjonalizm<\/strong>:<br>Nasz zesp\u00f3\u0142 tworz\u0105 wykwalifikowani specjali\u015bci z wieloletnim do\u015bwiadczeniem. Gwarantujemy szybki, czysty i precyzyjny monta\u017c. <br><strong>-<\/strong> <strong>Kompleksowa obs\u0142uga<\/strong>:<br>Zapewniamy pe\u0142ne wsparcie na ka\u017cdym etapie realizacji \u2013 od pomiar\u00f3w i projektu, przez monta\u017c, a\u017c po serwis i konserwacj\u0119.<\/pre>\n\n\n\n<div class=\"wp-block-group is-layout-constrained wp-block-group-is-layout-constrained\"><\/div>\n","protected":false},"excerpt":{"rendered":"<p>DLAZCEGO WARTO NAM ZAUFA\u0106?- Indywidualne podej\u015bcie: Ka\u017cde zlecenie traktujemy indywidualnie. Doradzamy, s\u0142uchamy potrzeb i pomagamy dobra\u0107 rozwi\u0105zania, kt\u00f3re najlepiej pasuj\u0105 do Twojego wn\u0119trza i stylu \u017cycia.- Szeroki wyb\u00f3r materia\u0142\u00f3w i wzor\u00f3w: Oferujemy bogat\u0105 gam\u0119 folii napinanych w r\u00f3\u017cnych kolorach, fakturach oraz wyko\u0144czeniach \u2013 od klasycznych po nowoczesne i designerskie.- Najwy\u017csza jako\u015b\u0107 wykonania:Pracujemy wy\u0142\u0105cznie na sprawdzonych, [&hellip;]<\/p>\n","protected":false},"author":1,"featured_media":1027,"parent":0,"menu_order":0,"comment_status":"closed","ping_status":"closed","template":"","meta":{"footnotes":""},"class_list":["post-851","page","type-page","status-publish","has-post-thumbnail","hentry"],"_links":{"self":[{"href":"http:\/\/sufitynapinane.pro\/index.php?rest_route=\/wp\/v2\/pages\/851","targetHints":{"allow":["GET"]}}],"collection":[{"href":"http:\/\/sufitynapinane.pro\/index.php?rest_route=\/wp\/v2\/pages"}],"about":[{"href":"http:\/\/sufitynapinane.pro\/index.php?rest_route=\/wp\/v2\/types\/page"}],"author":[{"embeddable":true,"href":"http:\/\/sufitynapinane.pro\/index.php?rest_route=\/wp\/v2\/users\/1"}],"replies":[{"embeddable":true,"href":"http:\/\/sufitynapinane.pro\/index.php?rest_route=%2Fwp%2Fv2%2Fcomments&post=851"}],"version-history":[{"count":14,"href":"http:\/\/sufitynapinane.pro\/index.php?rest_route=\/wp\/v2\/pages\/851\/revisions"}],"predecessor-version":[{"id":1025,"href":"http:\/\/sufitynapinane.pro\/index.php?rest_route=\/wp\/v2\/pages\/851\/revisions\/1025"}],"wp:featuredmedia":[{"embeddable":true,"href":"http:\/\/sufitynapinane.pro\/index.php?rest_route=\/wp\/v2\/media\/1027"}],"wp:attachment":[{"href":"http:\/\/sufitynapinane.pro\/index.php?rest_route=%2Fwp%2Fv2%2Fmedia&parent=851"}],"curies":[{"name":"wp","href":"https:\/\/api.w.org\/{rel}","templated":true}]}}